{"id":15052,"date":"2026-04-02T11:48:47","date_gmt":"2026-04-02T09:48:47","guid":{"rendered":"https:\/\/ecoleprovidencebrest.fr\/?page_id=15052"},"modified":"2026-04-03T10:00:08","modified_gmt":"2026-04-03T08:00:08","slug":"eac-education-artistique-culturelle","status":"publish","type":"page","link":"https:\/\/ecoleprovidencebrest.fr\/index.php\/eac-education-artistique-culturelle\/","title":{"rendered":"EAC &#8211; Education Artistique &amp; Culturelle"},"content":{"rendered":"<p>[et_pb_section fb_built=&#8221;1&#8243; _builder_version=&#8221;4.20.2&#8243; _module_preset=&#8221;default&#8221; global_colors_info=&#8221;{}&#8221;][et_pb_row _builder_version=&#8221;4.20.2&#8243; _module_preset=&#8221;default&#8221; global_colors_info=&#8221;{}&#8221;][et_pb_column type=&#8221;4_4&#8243; _builder_version=&#8221;4.20.2&#8243; _module_preset=&#8221;default&#8221; global_colors_info=&#8221;{}&#8221;][et_pb_text _builder_version=&#8221;4.20.2&#8243; _module_preset=&#8221;default&#8221; global_colors_info=&#8221;{}&#8221;]<\/p>\n<p>L&#8217;\u00e9ducation aux arts et \u00e0 la culture est l&#8217;un des axes de notre projet d&#8217;\u00e9tablissement.<br \/>Nous nous engageons aupr\u00e8s de nos \u00e9l\u00e8ves pour leur faire d\u00e9couvrir des lieux, rencontrer des artistes et r\u00e9aliser des projets en lien avec les arts dans toutes leurs dimensions.<\/p>\n<p>[\/et_pb_text][\/et_pb_column][\/et_pb_row][et_pb_row _builder_version=&#8221;4.20.2&#8243; _module_preset=&#8221;default&#8221; global_colors_info=&#8221;{}&#8221;][et_pb_column type=&#8221;4_4&#8243; _builder_version=&#8221;4.20.2&#8243; _module_preset=&#8221;default&#8221; global_colors_info=&#8221;{}&#8221;][et_pb_blog include_categories=&#8221;43&#8243; _builder_version=&#8221;4.20.2&#8243; _module_preset=&#8221;default&#8221; global_colors_info=&#8221;{}&#8221;][\/et_pb_blog][\/et_pb_column][\/et_pb_row][\/et_pb_section][et_pb_section fb_built=&#8221;1&#8243; _builder_version=&#8221;4.20.2&#8243; _module_preset=&#8221;default&#8221; global_colors_info=&#8221;{}&#8221;][et_pb_row _builder_version=&#8221;4.20.2&#8243; _module_preset=&#8221;default&#8221; global_colors_info=&#8221;{}&#8221;][et_pb_column type=&#8221;4_4&#8243; _builder_version=&#8221;4.20.2&#8243; _module_preset=&#8221;default&#8221; global_colors_info=&#8221;{}&#8221;][\/et_pb_column][\/et_pb_row][\/et_pb_section]<\/p>\n","protected":false},"excerpt":{"rendered":"<p>L&#8217;\u00e9ducation aux arts et \u00e0 la culture est l&#8217;un des axes de notre projet d&#8217;\u00e9tablissement.Nous nous engageons aupr\u00e8s de nos \u00e9l\u00e8ves pour leur faire d\u00e9couvrir des lieux, rencontrer des artistes et r\u00e9aliser des projets en lien avec les arts dans toutes leurs dimensions.<\/p>\n","protected":false},"author":1,"featured_media":0,"parent":0,"menu_order":0,"comment_status":"closed","ping_status":"closed","template":"","meta":{"_et_pb_use_builder":"on","_et_pb_old_content":"<!-- wp:divi\/placeholder \/-->","_et_gb_content_width":"","footnotes":""},"class_list":["post-15052","page","type-page","status-publish","hentry"],"yoast_head":"<!-- This site is optimized with the Yoast SEO plugin v20.4 - https:\/\/yoast.com\/wordpress\/plugins\/seo\/ -->\n<title>EAC - Education Artistique &amp; Culturelle - Ecole La Providence - BREST<\/title>\n<meta name=\"robots\" content=\"index, follow, max-snippet:-1, max-image-preview:large, max-video-preview:-1\" \/>\n<link rel=\"canonical\" href=\"https:\/\/ecoleprovidencebrest.fr\/index.php\/eac-education-artistique-culturelle\/\" \/>\n<meta property=\"og:locale\" content=\"fr_FR\" \/>\n<meta property=\"og:type\" content=\"article\" \/>\n<meta property=\"og:title\" content=\"EAC - Education Artistique &amp; Culturelle - Ecole La Providence - BREST\" \/>\n<meta property=\"og:description\" content=\"L&#039;\u00e9ducation aux arts et \u00e0 la culture est l&#039;un des axes de notre projet d&#039;\u00e9tablissement.Nous nous engageons aupr\u00e8s de nos \u00e9l\u00e8ves pour leur faire d\u00e9couvrir des lieux, rencontrer des artistes et r\u00e9aliser des projets en lien avec les arts dans toutes leurs dimensions.\" \/>\n<meta property=\"og:url\" content=\"https:\/\/ecoleprovidencebrest.fr\/index.php\/eac-education-artistique-culturelle\/\" \/>\n<meta property=\"og:site_name\" content=\"Ecole La Providence - BREST\" \/>\n<meta property=\"article:publisher\" content=\"https:\/\/www.facebook.com\/profile.php?id=100091152963951\" \/>\n<meta property=\"article:modified_time\" content=\"2026-04-03T08:00:08+00:00\" \/>\n<meta name=\"twitter:card\" content=\"summary_large_image\" \/>\n<script type=\"application\/ld+json\" class=\"yoast-schema-graph\">{\"@context\":\"https:\/\/schema.org\",\"@graph\":[{\"@type\":\"WebPage\",\"@id\":\"https:\/\/ecoleprovidencebrest.fr\/index.php\/eac-education-artistique-culturelle\/\",\"url\":\"https:\/\/ecoleprovidencebrest.fr\/index.php\/eac-education-artistique-culturelle\/\",\"name\":\"EAC - Education Artistique &amp; Culturelle - Ecole La Providence - BREST\",\"isPartOf\":{\"@id\":\"https:\/\/ecoleprovidencebrest.fr\/#website\"},\"datePublished\":\"2026-04-02T09:48:47+00:00\",\"dateModified\":\"2026-04-03T08:00:08+00:00\",\"breadcrumb\":{\"@id\":\"https:\/\/ecoleprovidencebrest.fr\/index.php\/eac-education-artistique-culturelle\/#breadcrumb\"},\"inLanguage\":\"fr-FR\",\"potentialAction\":[{\"@type\":\"ReadAction\",\"target\":[\"https:\/\/ecoleprovidencebrest.fr\/index.php\/eac-education-artistique-culturelle\/\"]}]},{\"@type\":\"BreadcrumbList\",\"@id\":\"https:\/\/ecoleprovidencebrest.fr\/index.php\/eac-education-artistique-culturelle\/#breadcrumb\",\"itemListElement\":[{\"@type\":\"ListItem\",\"position\":1,\"name\":\"Accueil\",\"item\":\"https:\/\/ecoleprovidencebrest.fr\/\"},{\"@type\":\"ListItem\",\"position\":2,\"name\":\"EAC &#8211; Education Artistique &amp; Culturelle\"}]},{\"@type\":\"WebSite\",\"@id\":\"https:\/\/ecoleprovidencebrest.fr\/#website\",\"url\":\"https:\/\/ecoleprovidencebrest.fr\/\",\"name\":\"Ecole La Providence - BREST\",\"description\":\"Bienvenue sur le site internet de notre \u00e9cole\",\"potentialAction\":[{\"@type\":\"SearchAction\",\"target\":{\"@type\":\"EntryPoint\",\"urlTemplate\":\"https:\/\/ecoleprovidencebrest.fr\/?s={search_term_string}\"},\"query-input\":\"required name=search_term_string\"}],\"inLanguage\":\"fr-FR\"}]}<\/script>\n<!-- \/ Yoast SEO plugin. -->","yoast_head_json":{"title":"EAC - Education Artistique &amp; Culturelle - Ecole La Providence - BREST","robots":{"index":"index","follow":"follow","max-snippet":"max-snippet:-1","max-image-preview":"max-image-preview:large","max-video-preview":"max-video-preview:-1"},"canonical":"https:\/\/ecoleprovidencebrest.fr\/index.php\/eac-education-artistique-culturelle\/","og_locale":"fr_FR","og_type":"article","og_title":"EAC - Education Artistique &amp; Culturelle - Ecole La Providence - BREST","og_description":"L'\u00e9ducation aux arts et \u00e0 la culture est l'un des axes de notre projet d'\u00e9tablissement.Nous nous engageons aupr\u00e8s de nos \u00e9l\u00e8ves pour leur faire d\u00e9couvrir des lieux, rencontrer des artistes et r\u00e9aliser des projets en lien avec les arts dans toutes leurs dimensions.","og_url":"https:\/\/ecoleprovidencebrest.fr\/index.php\/eac-education-artistique-culturelle\/","og_site_name":"Ecole La Providence - BREST","article_publisher":"https:\/\/www.facebook.com\/profile.php?id=100091152963951","article_modified_time":"2026-04-03T08:00:08+00:00","twitter_card":"summary_large_image","schema":{"@context":"https:\/\/schema.org","@graph":[{"@type":"WebPage","@id":"https:\/\/ecoleprovidencebrest.fr\/index.php\/eac-education-artistique-culturelle\/","url":"https:\/\/ecoleprovidencebrest.fr\/index.php\/eac-education-artistique-culturelle\/","name":"EAC - Education Artistique &amp; Culturelle - Ecole La Providence - BREST","isPartOf":{"@id":"https:\/\/ecoleprovidencebrest.fr\/#website"},"datePublished":"2026-04-02T09:48:47+00:00","dateModified":"2026-04-03T08:00:08+00:00","breadcrumb":{"@id":"https:\/\/ecoleprovidencebrest.fr\/index.php\/eac-education-artistique-culturelle\/#breadcrumb"},"inLanguage":"fr-FR","potentialAction":[{"@type":"ReadAction","target":["https:\/\/ecoleprovidencebrest.fr\/index.php\/eac-education-artistique-culturelle\/"]}]},{"@type":"BreadcrumbList","@id":"https:\/\/ecoleprovidencebrest.fr\/index.php\/eac-education-artistique-culturelle\/#breadcrumb","itemListElement":[{"@type":"ListItem","position":1,"name":"Accueil","item":"https:\/\/ecoleprovidencebrest.fr\/"},{"@type":"ListItem","position":2,"name":"EAC &#8211; Education Artistique &amp; Culturelle"}]},{"@type":"WebSite","@id":"https:\/\/ecoleprovidencebrest.fr\/#website","url":"https:\/\/ecoleprovidencebrest.fr\/","name":"Ecole La Providence - BREST","description":"Bienvenue sur le site internet de notre \u00e9cole","potentialAction":[{"@type":"SearchAction","target":{"@type":"EntryPoint","urlTemplate":"https:\/\/ecoleprovidencebrest.fr\/?s={search_term_string}"},"query-input":"required name=search_term_string"}],"inLanguage":"fr-FR"}]}},"_links":{"self":[{"href":"https:\/\/ecoleprovidencebrest.fr\/index.php\/wp-json\/wp\/v2\/pages\/15052","targetHints":{"allow":["GET"]}}],"collection":[{"href":"https:\/\/ecoleprovidencebrest.fr\/index.php\/wp-json\/wp\/v2\/pages"}],"about":[{"href":"https:\/\/ecoleprovidencebrest.fr\/index.php\/wp-json\/wp\/v2\/types\/page"}],"author":[{"embeddable":true,"href":"https:\/\/ecoleprovidencebrest.fr\/index.php\/wp-json\/wp\/v2\/users\/1"}],"replies":[{"embeddable":true,"href":"https:\/\/ecoleprovidencebrest.fr\/index.php\/wp-json\/wp\/v2\/comments?post=15052"}],"version-history":[{"count":6,"href":"https:\/\/ecoleprovidencebrest.fr\/index.php\/wp-json\/wp\/v2\/pages\/15052\/revisions"}],"predecessor-version":[{"id":15070,"href":"https:\/\/ecoleprovidencebrest.fr\/index.php\/wp-json\/wp\/v2\/pages\/15052\/revisions\/15070"}],"wp:attachment":[{"href":"https:\/\/ecoleprovidencebrest.fr\/index.php\/wp-json\/wp\/v2\/media?parent=15052"}],"curies":[{"name":"wp","href":"https:\/\/api.w.org\/{rel}","templated":true}]}}